{"id":2897,"date":"2018-11-28T10:53:11","date_gmt":"2018-11-28T10:53:11","guid":{"rendered":"https:\/\/www.mi-trading.de\/kontakt\/"},"modified":"2021-03-15T14:48:34","modified_gmt":"2021-03-15T13:48:34","slug":"contact","status":"publish","type":"page","link":"https:\/\/www.mi-trading.de\/fr\/contact\/","title":{"rendered":"Contact"},"content":{"rendered":"<div class=\"wpb-content-wrapper\"><p>[vc_row full_width=&#8221;stretch_row&#8221; css=&#8221;.vc_custom_1544110376464{margin-top: 0px !important;margin-bottom: 0px !important;padding-top: 120px !important;padding-bottom: 120px !important;background-color: #fafafa !important;}&#8221; el_class=&#8221;zidex-contact-page-contact&#8221;][vc_column css=&#8221;.vc_custom_1543482862966{padding-top: 0px !important;padding-right: 0px !important;padding-bottom: 0px !important;padding-left: 0px !important;}&#8221;][vc_row_inner][vc_column_inner][vc_raw_html]JTNDZGl2JTIwY2xhc3MlM0QlMjJ0aXRsZS1zdWJ0aWxlLWhvbGRlciUyMCUyMGFuaW1hdGVJbiUyMHRleHRfbGVmdCUyMHRpdGxlX3N1YnRpdGxlX3N0eWxlX3YyJTIwc3VidGl0bGVfcmlnaHQlMjBhbmltYXRlZCUyMG5vX2FuaW1hdGlvbiUyMiUyMGRhdGEtYW5pbWF0ZSUzRCUyMm5vX2FuaW1hdGlvbiUyMiUyMHN0eWxlJTNEJTIyb3BhY2l0eSUzQSUyMDEwMCUzQiUyMiUzRSUzQ2gyJTIwc3R5bGUlM0QlMjIlMjIlMjBjbGFzcyUzRCUyMnNlY3Rpb24tdGl0bGUlMjBkYXJrX3RpdGxlJTIyJTNFSU5UJUMzJTg5UiVDMyU4QVQlMjBPVSUyMFFVRVNUSU9OUyUzRiUzQyUyRmgyJTNFJTNDZGl2JTIwc3R5bGUlM0QlMjIlMjIlMjBjbGFzcyUzRCUyMnNlY3Rpb24tc3VidGl0bGUlMjBkYXJrX3N1YnRpdGxlJTIyJTNFRmFpdGVzLW5vdXMlMjBwYXJ0JTIwZGUlMjB2b3MlMjBjb21tZW50YWlyZXMlMjElM0MlMkZkaXYlM0UlM0MlMkZkaXYlM0U=[\/vc_raw_html][\/vc_column_inner][\/vc_row_inner][vc_row_inner css=&#8221;.vc_custom_1543420198704{margin-bottom: 0px !important;}&#8221;][vc_column_inner el_class=&#8221;zidex-contact-page-contact-form&#8221; width=&#8221;7\/12&#8243; css=&#8221;.vc_custom_1544110619108{padding-right: 30px !important;}&#8221;][vc_column_text el_class=&#8221;get_a_quote&#8221; css=&#8221;.vc_custom_1615815231218{background-color: #ffffff !important;}&#8221;]\n<div class=\"wpcf7 no-js\" id=\"wpcf7-f2697-o1\" lang=\"de-DE\" dir=\"ltr\" data-wpcf7-id=\"2697\">\n<div class=\"screen-reader-response\"><p role=\"status\" aria-live=\"polite\" aria-atomic=\"true\"><\/p> <ul><\/ul><\/div>\n<form action=\"\/fr\/wp-json\/wp\/v2\/pages\/2897#wpcf7-f2697-o1\" method=\"post\" class=\"wpcf7-form init wpcf7-acceptance-as-validation\" aria-label=\"Kontaktformular\" novalidate=\"novalidate\" data-status=\"init\">\n<fieldset class=\"hidden-fields-container\"><input type=\"hidden\" name=\"_wpcf7\" value=\"2697\" \/><input type=\"hidden\" name=\"_wpcf7_version\" value=\"6.1.3\" \/><input type=\"hidden\" name=\"_wpcf7_locale\" value=\"de_DE\" \/><input type=\"hidden\" name=\"_wpcf7_unit_tag\" value=\"wpcf7-f2697-o1\" \/><input type=\"hidden\" name=\"_wpcf7_container_post\" value=\"0\" \/><input type=\"hidden\" name=\"_wpcf7_posted_data_hash\" value=\"\" \/>\n<\/fieldset>\n<div class=\"zidex-quote zidex-quote-sidebar\">\n\t<div class=\"col-md-12 col-sm-12 zidex-quote-top\">\n\t\t<div class=\"col-md-3 col-xs-3 col-sm-5 zidex-quote-top-icon\">\n\t\t\t<p><img decoding=\"async\" src=\"https:\/\/www.mi-trading.de\/wp-content\/uploads\/2021\/02\/kontakt-mit-abuali.png\" alt=\"MIT Kontakt\" \/>\n\t\t\t<\/p>\n\t\t<\/div>\n\t\t<div class=\"col-md-9 col-xs-9 col-sm-7 zidex-quote-top-title\">\n\t\t\t<h3>CONTACT\n\t\t\t<\/h3>\n\t\t<\/div>\n\t<\/div>\n\t<div class=\"col-md-12 zidex-quote-content\">\n\t\t<div class=\"col-md-12\">\n\t\t\t<p><label><span class=\"wpcf7-form-control-wrap\" data-name=\"your-name\"><input size=\"40\" maxlength=\"400\" class=\"wpcf7-form-control wpcf7-text wpcf7-validates-as-required\" aria-required=\"true\" aria-invalid=\"false\" placeholder=\"Nom\" value=\"\" type=\"text\" name=\"your-name\" \/><\/span><\/label>\n\t\t\t<\/p>\n\t\t<\/div>\n\t\t<div class=\"col-md-12\">\n\t\t\t<p><label><span class=\"wpcf7-form-control-wrap\" data-name=\"your-email\"><input size=\"40\" maxlength=\"400\" class=\"wpcf7-form-control wpcf7-email wpcf7-validates-as-required wpcf7-text wpcf7-validates-as-email\" aria-required=\"true\" aria-invalid=\"false\" placeholder=\"E-Mail\" value=\"\" type=\"email\" name=\"your-email\" \/><\/span><\/label>\n\t\t\t<\/p>\n\t\t<\/div>\n\t\t<div class=\"col-md-12\">\n\t\t\t<p><label><span class=\"wpcf7-form-control-wrap\" data-name=\"your-phone\"><input size=\"40\" maxlength=\"400\" class=\"wpcf7-form-control wpcf7-tel wpcf7-validates-as-required wpcf7-text wpcf7-validates-as-tel\" aria-required=\"true\" aria-invalid=\"false\" placeholder=\"T\u00e9l\u00e9phone\" value=\"\" type=\"tel\" name=\"your-phone\" \/><\/span><\/label>\n\t\t\t<\/p>\n\t\t<\/div>\n\t\t<div class=\"col-md-12\">\n\t\t\t<p><label><span class=\"wpcf7-form-control-wrap\" data-name=\"your-message\"><textarea cols=\"40\" rows=\"10\" maxlength=\"2000\" class=\"wpcf7-form-control wpcf7-textarea\" aria-invalid=\"false\" placeholder=\"Message\" name=\"your-message\"><\/textarea><\/span><\/label>\n\t\t\t<\/p>\n\t\t<\/div>\n\t\t<div class=\"col-md-12 kontakt-dsgvo\">\n\t\t\t<p><span class=\"wpcf7-form-control-wrap\" data-name=\"your-consent\"><span class=\"wpcf7-form-control wpcf7-acceptance\"><span class=\"wpcf7-list-item\"><input type=\"checkbox\" name=\"your-consent\" value=\"1\" aria-invalid=\"false\" \/><\/span><\/span><\/span> J'ai pris connaissance de la <a href=\"https:\/\/www.mi-trading.de\/datenschutz\/\">d\u00e9claration de confidentialit\u00e9<\/a>. J'accepte que mes coordonn\u00e9es soient conserv\u00e9es de mani\u00e8re permanente \u00e0 des fins de contact et de consultation.<br \/>\n<span id=\"wpcf7-69e73196cb24d-wrapper\" class=\"wpcf7-form-control-wrap email-459-wrap\" style=\"display:none !important; visibility:hidden !important;\"><label for=\"wpcf7-69e73196cb24d-field\" class=\"hp-message\">Bitte lasse dieses Feld leer.<\/label><input id=\"wpcf7-69e73196cb24d-field\"  class=\"wpcf7-form-control wpcf7-text\" type=\"text\" name=\"email-459\" value=\"\" size=\"40\" tabindex=\"-1\" autocomplete=\"new-password\" \/><\/span><span id=\"wpcf7-69e73196cb2d4-wrapper\" class=\"wpcf7-form-control-wrap name-459-wrap\" style=\"display:none !important; visibility:hidden !important;\"><label for=\"wpcf7-69e73196cb2d4-field\" class=\"hp-message\">Bitte lasse dieses Feld leer.<\/label><input id=\"wpcf7-69e73196cb2d4-field\"  class=\"wpcf7-form-control wpcf7-text\" type=\"text\" name=\"name-459\" value=\"\" size=\"40\" tabindex=\"-1\" autocomplete=\"new-password\" \/><\/span>\n\t\t\t<\/p>\n\t\t<\/div>\n\t\t<div class=\"col-md-12\">\n\t\t\t<p><button type=\"submit\" class=\"wpcf7-form-control wpcf7-submit\">ENVOYER<\/button>\n\t\t\t<\/p>\n\t\t<\/div>\n\t<\/div>\n<\/div><div class=\"wpcf7-response-output\" aria-hidden=\"true\"><\/div>\n<\/form>\n<\/div>\n[\/vc_column_text][\/vc_column_inner][vc_column_inner width=&#8221;5\/12&#8243; css=&#8221;.vc_custom_1548167433041{padding-top: 15px !important;padding-left: 30px !important;}&#8221;][vc_column_text el_class=&#8221;zidex-contact-address&#8221;]<\/p>\n<h4 style=\"font-weight: bold; line-height: 28px; color: #151515;\">Adresse:<\/h4>\n<p style=\"margin-bottom: 30px;\">Langwies 25a<br \/>\n66802 \u00dcberherrn<\/p>\n<h4 style=\"font-weight: bold; line-height: 28px; color: #151515;\">E-Mail:<\/h4>\n<p style=\"margin-bottom: 30px;\"><a href=\"mailto:info@mi-trading.de\">info@mi-trading.de<\/a><\/p>\n<h4 style=\"font-weight: bold; line-height: 28px; color: #151515;\">T\u00e9l\u00e9phone:<\/h4>\n<p><a href=\"tel:004968369213555\">+49 68 36 &#8211; 92 13 555<\/a><\/p>\n<h4 style=\"font-weight: bold; line-height: 28px; color: #151515;\">Fax:<\/h4>\n<p>+49 68 36 &#8211; 92 13 550<\/p>\n<h4 style=\"font-weight: bold; line-height: 28px; color: #151515;\">Les heures d&#8217;ouverture:<\/h4>\n<p>Lun-Ven: 08:00 \u2013 12:00 h et 13:00 \u2013 17:00 h<\/p>\n<p><a href=\"https:\/\/www.facebook.com\/MITabualigmbh\/\" target=\"_blank\" rel=\"noopener noreferrer\"><i class=\"fa fa-facebook-official\"><!--icon--><\/i><\/a>[\/vc_column_text][\/vc_column_inner][\/vc_row_inner][\/vc_column][\/vc_row][vc_row full_width=&#8221;stretch_row_content_no_spaces&#8221; css=&#8221;.vc_custom_1543420107341{margin-bottom: 0px !important;padding-top: 0px !important;}&#8221;][vc_column css=&#8221;.vc_custom_1543419859271{padding-top: 0px !important;}&#8221;][vc_column_text][borlabs-cookie id=&#8221;googlemaps&#8221; type=&#8221;content-blocker&#8221;]<div class=\"sbvcgmap-map-wrapper\" style=\"width:100%;height:400px\"><div class=\"sbvcgmap-map\" zoom=\"14\" maptype=\"ROADMAP\" panoramatogglebutton=\"no\" pancontrol=\"yes\" pancontrol_position=\"TOP_LEFT\" zoomcontrol=\"yes\" zoomcontrol_position=\"TOP_LEFT\" zoomcontrolstyle=\"DEFAULT\" maptypecontrol=\"yes\" maptypecontrol_position=\"TOP_RIGHT\" streetviewcontrol=\"yes\" streetviewcontrol_position=\"TOP_LEFT\" overviewmapcontrol=\"yes\" overviewmapcontrolvisible=\"no\" maptypecontrolstyle=\"DEFAULT\" mapstyle=\"style-2\" weather=\"no\" traffic=\"no\" transit=\"no\" bicycle=\"no\" panoramio=\"no\" draggable=\"yes\" scrollwheel=\"yes\" cplatitude=\"0\" cplongitude=\"0\" scalecontrol=\"yes\" searchtype=\"disabled\" searchradius=\"500\" searchiconanimation=\"NONE\" searchdirectiontext=\"\" reloadonresize=\"no\" clustering=\"no\" style=\"width:100%;height:400px\"><div class=\"sbvcgmap-marker\" data-lat=\"49.248843\" data-lng=\"6.706481\" infowindow=\"no\" icon=\"https:\/\/www.mi-trading.de\/wp-content\/uploads\/2019\/05\/mit-abuali-map-marker.png\" animation=\"NONE\" customstyles=\"no\" >Langwies 25a<br \/>\n66802 \u00dcberherrn<br \/><a target=\"_blank\" href=\"https:\/\/maps.google.com\/?daddr=49.248843,6.706481\">MIT Abuali GmbH<\/a><\/div><\/div><\/div>[\/borlabs-cookie][\/vc_column_text][\/vc_column][\/vc_row]<\/p>\n<\/div>","protected":false},"excerpt":{"rendered":"<p>[vc_row full_width=&#8221;stretch_row&#8221; css=&#8221;.vc_custom_1544110376464{margin-top: 0px !important;margin-bottom: 0px !important;padding-top: 120px !important;padding-bottom: 120px !important;background-color: #fafafa !important;}&#8221; el_class=&#8221;zidex-contact-page-contact&#8221;][vc_column css=&#8221;.vc_custom_1543482862966{padding-top: 0px !important;padding-right: 0px !important;padding-bottom: 0px !important;padding-left: 0px !important;}&#8221;][vc_row_inner][vc_column_inner][vc_raw_html]JTNDZGl2JTIwY2xhc3MlM0QlMjJ0aXRsZS1zdWJ0aWxlLWhvbGRlciUyMCUyMGFuaW1hdGVJbiUyMHRleHRfbGVmdCUyMHRpdGxlX3N1YnRpdGxlX3N0eWxlX3YyJTIwc3VidGl0bGVfcmlnaHQlMjBhbmltYXRlZCUyMG5vX2FuaW1hdGlvbiUyMiUyMGRhdGEtYW5pbWF0ZSUzRCUyMm5vX2FuaW1hdGlvbiUyMiUyMHN0eWxlJTNEJTIyb3BhY2l0eSUzQSUyMDEwMCUzQiUyMiUzRSUzQ2gyJTIwc3R5bGUlM0QlMjIlMjIlMjBjbGFzcyUzRCUyMnNlY3Rpb24tdGl0bGUlMjBkYXJrX3RpdGxlJTIyJTNFSU5UJUMzJTg5UiVDMyU4QVQlMjBPVSUyMFFVRVNUSU9OUyUzRiUzQyUyRmgyJTNFJTNDZGl2JTIwc3R5bGUlM0QlMjIlMjIlMjBjbGFzcyUzRCUyMnNlY3Rpb24tc3VidGl0bGUlMjBkYXJrX3N1YnRpdGxlJTIyJTNFRmFpdGVzLW5vdXMlMjBwYXJ0JTIwZGUlMjB2b3MlMjBjb21tZW50YWlyZXMlMjElM0MlMkZkaXYlM0UlM0MlMkZkaXYlM0U=[\/vc_raw_html][\/vc_column_inner][\/vc_row_inner][vc_row_inner css=&#8221;.vc_custom_1543420198704{margin-bottom: 0px !important;}&#8221;][vc_column_inner el_class=&#8221;zidex-contact-page-contact-form&#8221; width=&#8221;7\/12&#8243; css=&#8221;.vc_custom_1544110619108{padding-right: 30px !important;}&#8221;][vc_column_text el_class=&#8221;get_a_quote&#8221; css=&#8221;.vc_custom_1615815231218{background-color: #ffffff !important;}&#8221;][\/vc_column_text][\/vc_column_inner][vc_column_inner width=&#8221;5\/12&#8243; css=&#8221;.vc_custom_1548167433041{padding-top: 15px !important;padding-left: 30px !important;}&#8221;][vc_column_text el_class=&#8221;zidex-contact-address&#8221;] Adresse: Langwies 25a 66802 \u00dcberherrn E-Mail: info@mi-trading.de T\u00e9l\u00e9phone: +49 68 36 &#8211; 92 [&hellip;]<\/p>\n","protected":false},"author":1,"featured_media":0,"parent":0,"menu_order":0,"comment_status":"closed","ping_status":"closed","template":"","meta":{"footnotes":""},"class_list":["post-2897","page","type-page","status-publish","hentry"],"_links":{"self":[{"href":"https:\/\/www.mi-trading.de\/fr\/wp-json\/wp\/v2\/pages\/2897","targetHints":{"allow":["GET"]}}],"collection":[{"href":"https:\/\/www.mi-trading.de\/fr\/wp-json\/wp\/v2\/pages"}],"about":[{"href":"https:\/\/www.mi-trading.de\/fr\/wp-json\/wp\/v2\/types\/page"}],"author":[{"embeddable":true,"href":"https:\/\/www.mi-trading.de\/fr\/wp-json\/wp\/v2\/users\/1"}],"replies":[{"embeddable":true,"href":"https:\/\/www.mi-trading.de\/fr\/wp-json\/wp\/v2\/comments?post=2897"}],"version-history":[{"count":8,"href":"https:\/\/www.mi-trading.de\/fr\/wp-json\/wp\/v2\/pages\/2897\/revisions"}],"predecessor-version":[{"id":2907,"href":"https:\/\/www.mi-trading.de\/fr\/wp-json\/wp\/v2\/pages\/2897\/revisions\/2907"}],"wp:attachment":[{"href":"https:\/\/www.mi-trading.de\/fr\/wp-json\/wp\/v2\/media?parent=2897"}],"curies":[{"name":"wp","href":"https:\/\/api.w.org\/{rel}","templated":true}]}}